{"id":16920,"date":"2019-01-11T08:28:00","date_gmt":"2019-01-11T08:28:00","guid":{"rendered":"https:\/\/trendytoursredsea.com\/faqs\/"},"modified":"2025-08-23T16:47:35","modified_gmt":"2025-08-23T16:47:35","slug":"faqs","status":"publish","type":"page","link":"https:\/\/trendytoursredsea.com\/en\/faqs\/","title":{"rendered":"FAQs"},"content":{"rendered":"\t\t<div data-elementor-type=\"wp-page\" data-elementor-id=\"16920\" class=\"elementor elementor-16920 elementor-8205\">\n\t\t\t\t<div class=\"elementor-element elementor-element-70362e8 e-flex e-con-boxed e-con e-parent\" data-id=\"70362e8\" data-element_type=\"container\" data-e-type=\"container\">\n\t\t\t\t\t<div class=\"e-con-inner\">\n\t\t<div class=\"elementor-element elementor-element-7120adba e-con-full e-flex e-con e-child\" data-id=\"7120adba\" data-element_type=\"container\" data-e-type=\"container\">\n\t\t\t\t<\/div>\n\t\t<div class=\"elementor-element elementor-element-2e0d7119 e-con-full e-flex e-con e-child\" data-id=\"2e0d7119\" data-element_type=\"container\" data-e-type=\"container\">\n\t\t\t\t<div class=\"elementor-element elementor-element-6300ad0e elementor-widget elementor-widget-heading\" data-id=\"6300ad0e\" data-element_type=\"widget\" data-e-type=\"widget\" data-widget_type=\"heading.default\">\n\t\t\t\t<div class=\"elementor-widget-container\">\n\t\t\t\t\t<h4 class=\"elementor-heading-title elementor-size-default\">Find answers to your questions before taking a tour so you can find out exactly what you want to know.<\/h4>\t\t\t\t<\/div>\n\t\t\t\t<\/div>\n\t\t\t\t<\/div>\n\t\t<div class=\"elementor-element elementor-element-42cb352f e-con-full e-flex e-con e-child\" data-id=\"42cb352f\" data-element_type=\"container\" data-e-type=\"container\">\n\t\t\t\t<\/div>\n\t\t\t\t\t<\/div>\n\t\t\t\t<\/div>\n\t\t<div class=\"elementor-element elementor-element-341f17c8 e-flex e-con-boxed e-con e-parent\" data-id=\"341f17c8\" data-element_type=\"container\" data-e-type=\"container\">\n\t\t\t\t\t<div class=\"e-con-inner\">\n\t\t<div class=\"elementor-element elementor-element-19cdbbb5 e-con-full e-flex e-con e-child\" data-id=\"19cdbbb5\" data-element_type=\"container\" data-e-type=\"container\">\n\t\t\t\t<div class=\"elementor-element elementor-element-7ac1757d elementor-widget elementor-widget-st_faq\" data-id=\"7ac1757d\" data-element_type=\"widget\" data-e-type=\"widget\" data-widget_type=\"st_faq.default\">\n\t\t\t\t<div class=\"elementor-widget-container\">\n\t\t\t\t\t    <div class=\"accordion faq-lib st-style1\" id=\"accordion_list_7ac1757d\">\r\n                    <div class=\"accordion-item\">\r\n                <h2 class=\"accordion-header\" id=\"heading_are-you-allowed-to-visit-historical-mosques-in-egypt-as-a-non-muslim\">\r\n                    <button class=\"accordion-button   collapsed\" type=\"button\" data-bs-toggle=\"collapse\" data-bs-target=\"#st-are-you-allowed-to-visit-historical-mosques-in-egypt-as-a-non-muslim\" aria-expanded=\"false\" aria-controls=\"are-you-allowed-to-visit-historical-mosques-in-egypt-as-a-non-muslim\">\r\n                        <span class=\"label\">Are you allowed to visit historical mosques in Egypt as a non-Muslim? <\/span>\r\n                                                <i class=\"stt-icon\"><\/i>\r\n                    <\/button>\r\n                <\/h2>\r\n                <div id=\"st-are-you-allowed-to-visit-historical-mosques-in-egypt-as-a-non-muslim\" class=\"accordion-collapse collapse \" aria-labelledby=\"heading_are-you-allowed-to-visit-historical-mosques-in-egypt-as-a-non-muslim\" data-bs-parent=\"#accordion_list_7ac1757d\">\r\n                    <div class=\"accordion-body\">\r\n                        Non-Muslims are always welcome to visit mosques in Egypt. Nevertheless, it is advisable to ask permission if you want to go to mosques outside of larger cities where people are not used to tourists. Exceptions also apply to mosques where relatives of the Prophet Mohammed are buried or during prayer time.                     <\/div>\r\n                <\/div>\r\n            <\/div>\r\n            <\/div>\r\n\t\t\t\t<\/div>\n\t\t\t\t<\/div>\n\t\t\t\t<div class=\"elementor-element elementor-element-77d912be elementor-widget elementor-widget-st_faq\" data-id=\"77d912be\" data-element_type=\"widget\" data-e-type=\"widget\" data-widget_type=\"st_faq.default\">\n\t\t\t\t<div class=\"elementor-widget-container\">\n\t\t\t\t\t    <div class=\"accordion faq-lib st-style1\" id=\"accordion_list_77d912be\">\r\n                    <div class=\"accordion-item\">\r\n                <h2 class=\"accordion-header\" id=\"heading_can-i-photograph-people-streets-public-life-etc\">\r\n                    <button class=\"accordion-button   collapsed\" type=\"button\" data-bs-toggle=\"collapse\" data-bs-target=\"#st-can-i-photograph-people-streets-public-life-etc\" aria-expanded=\"false\" aria-controls=\"can-i-photograph-people-streets-public-life-etc\">\r\n                        <span class=\"label\">Can I photograph people, streets, public life, etc? <\/span>\r\n                                                <i class=\"stt-icon\"><\/i>\r\n                    <\/button>\r\n                <\/h2>\r\n                <div id=\"st-can-i-photograph-people-streets-public-life-etc\" class=\"accordion-collapse collapse \" aria-labelledby=\"heading_can-i-photograph-people-streets-public-life-etc\" data-bs-parent=\"#accordion_list_77d912be\">\r\n                    <div class=\"accordion-body\">\r\n                        Egyptians are known for tolerance and hospitality. Basically, most Egyptians are inclined towards photography. However, you should ask for consent beforehand, especially if you want to photograph women or private items. There is an absolute ban on photography at army facilities, airports, bridges, the metro and the dam.                    <\/div>\r\n                <\/div>\r\n            <\/div>\r\n            <\/div>\r\n\t\t\t\t<\/div>\n\t\t\t\t<\/div>\n\t\t\t\t<div class=\"elementor-element elementor-element-17ae12a1 elementor-widget elementor-widget-st_faq\" data-id=\"17ae12a1\" data-element_type=\"widget\" data-e-type=\"widget\" data-widget_type=\"st_faq.default\">\n\t\t\t\t<div class=\"elementor-widget-container\">\n\t\t\t\t\t    <div class=\"accordion faq-lib st-style1\" id=\"accordion_list_17ae12a1\">\r\n                    <div class=\"accordion-item\">\r\n                <h2 class=\"accordion-header\" id=\"heading_can-i-exchange-dollars-or-euros-in-egypt\">\r\n                    <button class=\"accordion-button   collapsed\" type=\"button\" data-bs-toggle=\"collapse\" data-bs-target=\"#st-can-i-exchange-dollars-or-euros-in-egypt\" aria-expanded=\"false\" aria-controls=\"can-i-exchange-dollars-or-euros-in-egypt\">\r\n                        <span class=\"label\">Can I exchange dollars or euros in Egypt? <\/span>\r\n                                                <i class=\"stt-icon\"><\/i>\r\n                    <\/button>\r\n                <\/h2>\r\n                <div id=\"st-can-i-exchange-dollars-or-euros-in-egypt\" class=\"accordion-collapse collapse \" aria-labelledby=\"heading_can-i-exchange-dollars-or-euros-in-egypt\" data-bs-parent=\"#accordion_list_17ae12a1\">\r\n                    <div class=\"accordion-body\">\r\n                        Can I exchange dollars or euros in Egypt?                     <\/div>\r\n                <\/div>\r\n            <\/div>\r\n            <\/div>\r\n\t\t\t\t<\/div>\n\t\t\t\t<\/div>\n\t\t\t\t<div class=\"elementor-element elementor-element-c9bdeb1 elementor-widget elementor-widget-st_faq\" data-id=\"c9bdeb1\" data-element_type=\"widget\" data-e-type=\"widget\" data-widget_type=\"st_faq.default\">\n\t\t\t\t<div class=\"elementor-widget-container\">\n\t\t\t\t\t    <div class=\"accordion faq-lib st-style1\" id=\"accordion_list_c9bdeb1\">\r\n                    <div class=\"accordion-item\">\r\n                <h2 class=\"accordion-header\" id=\"heading_wie-ist-die-offizielle-w\u00e4hrung-in-\u00e4gypten\">\r\n                    <button class=\"accordion-button   collapsed\" type=\"button\" data-bs-toggle=\"collapse\" data-bs-target=\"#st-wie-ist-die-offizielle-w\u00e4hrung-in-\u00e4gypten\" aria-expanded=\"false\" aria-controls=\"wie-ist-die-offizielle-w\u00e4hrung-in-\u00e4gypten\">\r\n                        <span class=\"label\">Wie ist die offizielle W\u00e4hrung in \u00c4gypten? <\/span>\r\n                                                <i class=\"stt-icon\"><\/i>\r\n                    <\/button>\r\n                <\/h2>\r\n                <div id=\"st-wie-ist-die-offizielle-w\u00e4hrung-in-\u00e4gypten\" class=\"accordion-collapse collapse \" aria-labelledby=\"heading_wie-ist-die-offizielle-w\u00e4hrung-in-\u00e4gypten\" data-bs-parent=\"#accordion_list_c9bdeb1\">\r\n                    <div class=\"accordion-body\">\r\n                        - Die offizielle \u00e4gyptische W\u00e4hrung ist der \u00c4gyptische Pfund oder Guinee in der Landessprache. Er wird mit LE abgek\u00fcrzt. 1 Pfund sind 100 Piaster. Es gibt ihn in Banknoten zu 1, 5, 10, 20, 50, 100 und 200 .                    <\/div>\r\n                <\/div>\r\n            <\/div>\r\n            <\/div>\r\n\t\t\t\t<\/div>\n\t\t\t\t<\/div>\n\t\t\t\t<div class=\"elementor-element elementor-element-ee3efc9 elementor-widget elementor-widget-st_faq\" data-id=\"ee3efc9\" data-element_type=\"widget\" data-e-type=\"widget\" data-widget_type=\"st_faq.default\">\n\t\t\t\t<div class=\"elementor-widget-container\">\n\t\t\t\t\t    <div class=\"accordion faq-lib st-style1\" id=\"accordion_list_ee3efc9\">\r\n                    <div class=\"accordion-item\">\r\n                <h2 class=\"accordion-header\" id=\"heading_which-nationalities-must-register-in-egypt-and-where-should-they-do-so\">\r\n                    <button class=\"accordion-button   collapsed\" type=\"button\" data-bs-toggle=\"collapse\" data-bs-target=\"#st-which-nationalities-must-register-in-egypt-and-where-should-they-do-so\" aria-expanded=\"false\" aria-controls=\"which-nationalities-must-register-in-egypt-and-where-should-they-do-so\">\r\n                        <span class=\"label\">Which nationalities must register in Egypt and where should they do so?<\/span>\r\n                                                <i class=\"stt-icon\"><\/i>\r\n                    <\/button>\r\n                <\/h2>\r\n                <div id=\"st-which-nationalities-must-register-in-egypt-and-where-should-they-do-so\" class=\"accordion-collapse collapse \" aria-labelledby=\"heading_which-nationalities-must-register-in-egypt-and-where-should-they-do-so\" data-bs-parent=\"#accordion_list_ee3efc9\">\r\n                    <div class=\"accordion-body\">\r\n                        Foreign nationals who wish to stay in Egypt for more than 30 days must register with the Egyptian immigration authorities. This applies to all nationalities. Registration can be completed either at the nearest immigration office or at the main office in Cairo. It is important to complete the registration process within the first 7 days after arriving in Egypt to avoid penalties or complications.\n                    <\/div>\r\n                <\/div>\r\n            <\/div>\r\n            <\/div>\r\n\t\t\t\t<\/div>\n\t\t\t\t<\/div>\n\t\t\t\t<div class=\"elementor-element elementor-element-bb3eee0 elementor-widget elementor-widget-st_faq\" data-id=\"bb3eee0\" data-element_type=\"widget\" data-e-type=\"widget\" data-widget_type=\"st_faq.default\">\n\t\t\t\t<div class=\"elementor-widget-container\">\n\t\t\t\t\t    <div class=\"accordion faq-lib st-style1\" id=\"accordion_list_bb3eee0\">\r\n                    <div class=\"accordion-item\">\r\n                <h2 class=\"accordion-header\" id=\"heading_what-popular-local-dishes-or-food-should-i-try-in-egypt\">\r\n                    <button class=\"accordion-button   collapsed\" type=\"button\" data-bs-toggle=\"collapse\" data-bs-target=\"#st-what-popular-local-dishes-or-food-should-i-try-in-egypt\" aria-expanded=\"false\" aria-controls=\"what-popular-local-dishes-or-food-should-i-try-in-egypt\">\r\n                        <span class=\"label\">What popular local dishes or food should I try in Egypt? <\/span>\r\n                                                <i class=\"stt-icon\"><\/i>\r\n                    <\/button>\r\n                <\/h2>\r\n                <div id=\"st-what-popular-local-dishes-or-food-should-i-try-in-egypt\" class=\"accordion-collapse collapse \" aria-labelledby=\"heading_what-popular-local-dishes-or-food-should-i-try-in-egypt\" data-bs-parent=\"#accordion_list_bb3eee0\">\r\n                    <div class=\"accordion-body\">\r\n                        Some popular local dishes you should try in Egypt include:\n\n1. **Koshary**: A mix of rice, lentils, and pasta topped with tomato sauce and fried onions.\n2. **Falafel**: Deep-fried balls made from mashed chickpeas or beans, often served with salad and tahini sauce.\n3. **Taameya**: The Egyptian version of falafel, made from mashed fava beans and spices.\n4. **Molokhia**: A green leafy vegetable stew, typically served with rice or flatbread.\n5. **Kebabs**: Various grilled meat skewers marinated with spices, such as chicken, lamb, or beef kebabs.\n6. **Kofta**: Spiced minced meatballs, grilled or fried.\n7. **Shawarma**: Tender, marinated meat (usually chicken or beef), sliced into thin strips and wrapped in flatbread.\n8. **Mahshi**: Stuffed vegetables like grape leaves, eggplants, or peppers with a mixture of rice, meat, and spices.\n9. **Foul Medames**: A traditional Egyptian breakfast dish made from cooked fava beans, often served with olive oil, lemon, and flatbread.\n10. **Baklava**: A sweet pastry made of thin layers of dough and nuts soaked in sugar syrup.\n\nDon\u2019t forget to also try traditional drinks like hibiscus tea (karkadeh) and sugarcane juice to complete your culinary experience in Egypt.\n                     <\/div>\r\n                <\/div>\r\n            <\/div>\r\n            <\/div>\r\n\t\t\t\t<\/div>\n\t\t\t\t<\/div>\n\t\t\t\t<\/div>\n\t\t<div class=\"elementor-element elementor-element-5c5e919d e-con-full e-flex e-con e-child\" data-id=\"5c5e919d\" data-element_type=\"container\" data-e-type=\"container\">\n\t\t\t\t<div class=\"elementor-element elementor-element-76baff55 elementor-widget elementor-widget-st_faq\" data-id=\"76baff55\" data-element_type=\"widget\" data-e-type=\"widget\" data-widget_type=\"st_faq.default\">\n\t\t\t\t<div class=\"elementor-widget-container\">\n\t\t\t\t\t    <div class=\"accordion faq-lib st-style1\" id=\"accordion_list_76baff55\">\r\n                    <div class=\"accordion-item\">\r\n                <h2 class=\"accordion-header\" id=\"heading_what-are-the-best-places-to-visit-in-egypt\">\r\n                    <button class=\"accordion-button   collapsed\" type=\"button\" data-bs-toggle=\"collapse\" data-bs-target=\"#st-what-are-the-best-places-to-visit-in-egypt\" aria-expanded=\"false\" aria-controls=\"what-are-the-best-places-to-visit-in-egypt\">\r\n                        <span class=\"label\">What are the best places to visit in Egypt?<\/span>\r\n                                                <i class=\"stt-icon\"><\/i>\r\n                    <\/button>\r\n                <\/h2>\r\n                <div id=\"st-what-are-the-best-places-to-visit-in-egypt\" class=\"accordion-collapse collapse \" aria-labelledby=\"heading_what-are-the-best-places-to-visit-in-egypt\" data-bs-parent=\"#accordion_list_76baff55\">\r\n                    <div class=\"accordion-body\">\r\n                        There are many things for a foreign traveler to do in Egypt. In addition to visiting and exploring ancient Egyptian temples and artifacts, there is much to see in every city. In fact, each city in Egypt has its own unique charm, reflected in its history, culture, activities, and people, which often differ in character from those in other parts of the country.\n\nIn Cairo, for example, there is a wealth of things to do and see. Beyond ancient Egyptian history, you can explore the history of the Romans, Greeks, Byzantine Empire, Islamic Empire, Ottomans, and finally the modern history of Egypt.\n                    <\/div>\r\n                <\/div>\r\n            <\/div>\r\n            <\/div>\r\n\t\t\t\t<\/div>\n\t\t\t\t<\/div>\n\t\t\t\t<div class=\"elementor-element elementor-element-49e34f74 elementor-widget elementor-widget-st_faq\" data-id=\"49e34f74\" data-element_type=\"widget\" data-e-type=\"widget\" data-widget_type=\"st_faq.default\">\n\t\t\t\t<div class=\"elementor-widget-container\">\n\t\t\t\t\t    <div class=\"accordion faq-lib st-style1\" id=\"accordion_list_49e34f74\">\r\n                    <div class=\"accordion-item\">\r\n                <h2 class=\"accordion-header\" id=\"heading_was-sind-die-besten-sehensw\u00fcrdigkeiten-in-\u00e4gypten\">\r\n                    <button class=\"accordion-button   collapsed\" type=\"button\" data-bs-toggle=\"collapse\" data-bs-target=\"#st-was-sind-die-besten-sehensw\u00fcrdigkeiten-in-\u00e4gypten\" aria-expanded=\"false\" aria-controls=\"was-sind-die-besten-sehensw\u00fcrdigkeiten-in-\u00e4gypten\">\r\n                        <span class=\"label\">  Was sind die besten Sehensw\u00fcrdigkeiten in \u00c4gypten?<\/span>\r\n                                                <i class=\"stt-icon\"><\/i>\r\n                    <\/button>\r\n                <\/h2>\r\n                <div id=\"st-was-sind-die-besten-sehensw\u00fcrdigkeiten-in-\u00e4gypten\" class=\"accordion-collapse collapse \" aria-labelledby=\"heading_was-sind-die-besten-sehensw\u00fcrdigkeiten-in-\u00e4gypten\" data-bs-parent=\"#accordion_list_49e34f74\">\r\n                    <div class=\"accordion-body\">\r\n                        Es gibt viele Dinge f\u00fcr einen ausl\u00e4ndischen Reisenden in \u00c4gypten zu tun. Neben dem Besuch und der Besichtigung alt\u00e4gyptischer Tempel und antiker Artefakte im alten \u00c4gypten gibt es auch in jeder Stadt viel zu sehen. Tats\u00e4chlich hat jede Stadt in \u00c4gypten ihren eigenen Charme der Dinge, die Sie durch ihre Geschichte, Kultur, Aktivit\u00e4ten und Menschen sehen, die sich oft von ihrer Natur unterscheiden von Menschen aus anderen Teilen \u00c4gyptens. In Kairo zum Beispiel gibt es viel zu tun und zu sehen. Neben der alt\u00e4gyptischen Geschichte gibt es die Geschichte der R\u00f6mer, Griechen, des Byzantinischen Reiches, des Islamischen Reiches, der Osmanen und schlie\u00dflich die moderne Geschichte \u00c4gyptens.\n                    <\/div>\r\n                <\/div>\r\n            <\/div>\r\n            <\/div>\r\n\t\t\t\t<\/div>\n\t\t\t\t<\/div>\n\t\t\t\t<div class=\"elementor-element elementor-element-b29adcc elementor-widget elementor-widget-st_faq\" data-id=\"b29adcc\" data-element_type=\"widget\" data-e-type=\"widget\" data-widget_type=\"st_faq.default\">\n\t\t\t\t<div class=\"elementor-widget-container\">\n\t\t\t\t\t    <div class=\"accordion faq-lib st-style1\" id=\"accordion_list_b29adcc\">\r\n                    <div class=\"accordion-item\">\r\n                <h2 class=\"accordion-header\" id=\"heading_when-is-the-best-time-to-travel-to-egypt\">\r\n                    <button class=\"accordion-button   collapsed\" type=\"button\" data-bs-toggle=\"collapse\" data-bs-target=\"#st-when-is-the-best-time-to-travel-to-egypt\" aria-expanded=\"false\" aria-controls=\"when-is-the-best-time-to-travel-to-egypt\">\r\n                        <span class=\"label\">When is the best time to travel to Egypt?<\/span>\r\n                                                <i class=\"stt-icon\"><\/i>\r\n                    <\/button>\r\n                <\/h2>\r\n                <div id=\"st-when-is-the-best-time-to-travel-to-egypt\" class=\"accordion-collapse collapse \" aria-labelledby=\"heading_when-is-the-best-time-to-travel-to-egypt\" data-bs-parent=\"#accordion_list_b29adcc\">\r\n                    <div class=\"accordion-body\">\r\n                        The best time to visit Egypt is during the cooler months from October to April.                    <\/div>\r\n                <\/div>\r\n            <\/div>\r\n            <\/div>\r\n\t\t\t\t<\/div>\n\t\t\t\t<\/div>\n\t\t\t\t<div class=\"elementor-element elementor-element-2838bba8 elementor-widget elementor-widget-st_faq\" data-id=\"2838bba8\" data-element_type=\"widget\" data-e-type=\"widget\" data-widget_type=\"st_faq.default\">\n\t\t\t\t<div class=\"elementor-widget-container\">\n\t\t\t\t\t    <div class=\"accordion faq-lib st-style1\" id=\"accordion_list_2838bba8\">\r\n                    <div class=\"accordion-item\">\r\n                <h2 class=\"accordion-header\" id=\"heading_can-i-use-credit-cards-in-egypt\">\r\n                    <button class=\"accordion-button   collapsed\" type=\"button\" data-bs-toggle=\"collapse\" data-bs-target=\"#st-can-i-use-credit-cards-in-egypt\" aria-expanded=\"false\" aria-controls=\"can-i-use-credit-cards-in-egypt\">\r\n                        <span class=\"label\">Can I use credit cards in Egypt<\/span>\r\n                                                <i class=\"stt-icon\"><\/i>\r\n                    <\/button>\r\n                <\/h2>\r\n                <div id=\"st-can-i-use-credit-cards-in-egypt\" class=\"accordion-collapse collapse \" aria-labelledby=\"heading_can-i-use-credit-cards-in-egypt\" data-bs-parent=\"#accordion_list_2838bba8\">\r\n                    <div class=\"accordion-body\">\r\n                        Yes, credit cards are widely accepted in hotels, restaurants and larger stores in major cities.                     <\/div>\r\n                <\/div>\r\n            <\/div>\r\n            <\/div>\r\n\t\t\t\t<\/div>\n\t\t\t\t<\/div>\n\t\t\t\t<div class=\"elementor-element elementor-element-8c3f9c0 elementor-widget elementor-widget-st_faq\" data-id=\"8c3f9c0\" data-element_type=\"widget\" data-e-type=\"widget\" data-widget_type=\"st_faq.default\">\n\t\t\t\t<div class=\"elementor-widget-container\">\n\t\t\t\t\t    <div class=\"accordion faq-lib st-style1\" id=\"accordion_list_8c3f9c0\">\r\n                    <div class=\"accordion-item\">\r\n                <h2 class=\"accordion-header\" id=\"heading_what-are-the-top-sights-in-egypt\">\r\n                    <button class=\"accordion-button   collapsed\" type=\"button\" data-bs-toggle=\"collapse\" data-bs-target=\"#st-what-are-the-top-sights-in-egypt\" aria-expanded=\"false\" aria-controls=\"what-are-the-top-sights-in-egypt\">\r\n                        <span class=\"label\">What are the top sights in Egypt?<\/span>\r\n                                                <i class=\"stt-icon\"><\/i>\r\n                    <\/button>\r\n                <\/h2>\r\n                <div id=\"st-what-are-the-top-sights-in-egypt\" class=\"accordion-collapse collapse \" aria-labelledby=\"heading_what-are-the-top-sights-in-egypt\" data-bs-parent=\"#accordion_list_8c3f9c0\">\r\n                    <div class=\"accordion-body\">\r\n                        The top sights in Egypt are the Pyramids of Giza and the Egyptian Museum in Cairo. In Luxor the Luxor Temple, Abu Simbel and the Valley of the Kings .                    <\/div>\r\n                <\/div>\r\n            <\/div>\r\n            <\/div>\r\n\t\t\t\t<\/div>\n\t\t\t\t<\/div>\n\t\t\t\t<div class=\"elementor-element elementor-element-1fe2f9a elementor-widget elementor-widget-st_faq\" data-id=\"1fe2f9a\" data-element_type=\"widget\" data-e-type=\"widget\" data-widget_type=\"st_faq.default\">\n\t\t\t\t<div class=\"elementor-widget-container\">\n\t\t\t\t\t    <div class=\"accordion faq-lib st-style1\" id=\"accordion_list_1fe2f9a\">\r\n                    <div class=\"accordion-item\">\r\n                <h2 class=\"accordion-header\" id=\"heading_can-i-enter-the-great-pyramid-of-giza\">\r\n                    <button class=\"accordion-button   collapsed\" type=\"button\" data-bs-toggle=\"collapse\" data-bs-target=\"#st-can-i-enter-the-great-pyramid-of-giza\" aria-expanded=\"false\" aria-controls=\"can-i-enter-the-great-pyramid-of-giza\">\r\n                        <span class=\"label\">Can I enter the Great Pyramid of Giza?<\/span>\r\n                                                <i class=\"stt-icon\"><\/i>\r\n                    <\/button>\r\n                <\/h2>\r\n                <div id=\"st-can-i-enter-the-great-pyramid-of-giza\" class=\"accordion-collapse collapse \" aria-labelledby=\"heading_can-i-enter-the-great-pyramid-of-giza\" data-bs-parent=\"#accordion_list_1fe2f9a\">\r\n                    <div class=\"accordion-body\">\r\n                        Yes, you can enter the Great Pyramid of Giza for an additional fee. However, the number of daily tickets is limited, so it is advisable to book in advance.\n\n                    <\/div>\r\n                <\/div>\r\n            <\/div>\r\n            <\/div>\r\n\t\t\t\t<\/div>\n\t\t\t\t<\/div>\n\t\t\t\t<\/div>\n\t\t\t\t\t<\/div>\n\t\t\t\t<\/div>\n\t\t\t\t<\/div>\n\t\t","protected":false},"excerpt":{"rendered":"<p>Find answers to your questions before taking a tour so you can find out exactly what you want to know. Are you allowed to visit historical mosques in Egypt as a non-Muslim? Non-Muslims are always welcome to visit mosques in Egypt. Nevertheless, it is advisable to ask permission if you want to go to mosques [&hellip;]<\/p>\n","protected":false},"author":1,"featured_media":16633,"parent":0,"menu_order":0,"comment_status":"closed","ping_status":"closed","template":"","meta":{"footnotes":""},"class_list":["post-16920","page","type-page","status-publish","has-post-thumbnail","hentry"],"_links":{"self":[{"href":"https:\/\/trendytoursredsea.com\/en\/wp-json\/wp\/v2\/pages\/16920","targetHints":{"allow":["GET"]}}],"collection":[{"href":"https:\/\/trendytoursredsea.com\/en\/wp-json\/wp\/v2\/pages"}],"about":[{"href":"https:\/\/trendytoursredsea.com\/en\/wp-json\/wp\/v2\/types\/page"}],"author":[{"embeddable":true,"href":"https:\/\/trendytoursredsea.com\/en\/wp-json\/wp\/v2\/users\/1"}],"replies":[{"embeddable":true,"href":"https:\/\/trendytoursredsea.com\/en\/wp-json\/wp\/v2\/comments?post=16920"}],"version-history":[{"count":0,"href":"https:\/\/trendytoursredsea.com\/en\/wp-json\/wp\/v2\/pages\/16920\/revisions"}],"wp:featuredmedia":[{"embeddable":true,"href":"https:\/\/trendytoursredsea.com\/en\/wp-json\/wp\/v2\/media\/16633"}],"wp:attachment":[{"href":"https:\/\/trendytoursredsea.com\/en\/wp-json\/wp\/v2\/media?parent=16920"}],"curies":[{"name":"wp","href":"https:\/\/api.w.org\/{rel}","templated":true}]}}